{"id":14,"date":"2019-04-25T21:56:24","date_gmt":"2019-04-25T19:56:24","guid":{"rendered":"http:\/\/dore-securite.com\/?page_id=14"},"modified":"2025-10-19T15:56:21","modified_gmt":"2025-10-19T13:56:21","slug":"depannage-serrurerie","status":"publish","type":"page","link":"https:\/\/dore-securite.com\/?page_id=14","title":{"rendered":"D\u00e9pannage Serrurerie"},"content":{"rendered":"<div class=\"wpb-content-wrapper\"><p>[vc_row][vc_column][vc_row_inner][vc_column_inner width=\u00a0\u00bb1\/2&Prime;][vc_single_image image=\u00a0\u00bb15&Prime; img_size=\u00a0\u00bbfull\u00a0\u00bb][\/vc_column_inner][vc_column_inner width=\u00a0\u00bb1\/2&Prime; css=\u00a0\u00bb.vc_custom_1559082319938{padding-left: 20px !important;}\u00a0\u00bb][vc_column_text]<\/p>\n<p class=\"has-medium-font-size\"><strong>serrurerie\u00a0d\u00e9pannage\u00a024 H\/ 24 H\u00a0<\/strong><\/p>\n<p><!-- \/wp:post-content --><!-- wp:paragraph --><strong>TEL\u00a0: 06.80.04.04.56\u00a0ou\u00a004.73.82.05.40 \u00a0<\/strong><\/p>\n<p><!-- \/wp:paragraph --><!-- wp:paragraph -->Nous\u00a0sommes\u00a0capables\u00a0de\u00a0vous\u00a0apporter\u00a0des solutions\u00a0intelligentes.\u00a0Lorsqu\u2019il\u00a0s\u2019agit\u00a0d\u2019un\u00a0d\u00e9blocage\u00a0de\u00a0porte,comme\u00a0une\u00a0ouverture\u00a0fine de\u00a0porte,\u00a0vous\u00a0pouvez\u00a0absolument\u00a0compter\u00a0sur\u00a0notre\u00a0exp\u00e9rience\u00a0et\u00a0professionnalisme pour\u00a0l\u2019ouverture\u00a0de\u00a0porte.[\/vc_column_text][\/vc_column_inner][\/vc_row_inner][vc_empty_space][vc_row_inner equal_height=\u00a0\u00bbyes\u00a0\u00bb gap=\u00a0\u00bb2&Prime;][vc_column_inner width=\u00a0\u00bb1\/5&Prime; css=\u00a0\u00bb.vc_custom_1559083086143{padding: 10px !important;background-image: url(https:\/\/dore-securite.com\/wp-content\/uploads\/2018\/02\/parcking.jpg?id=1869) !important;}\u00a0\u00bb][vc_column_text css=\u00a0\u00bb\u00a0\u00bb]<\/p>\n<p style=\"color: white;\">Ouverture de porte claqu\u00e9e simple 60 \u20ac HT<\/p>\n<p style=\"color: white;\">Ouverture de porte claqu\u00e9e blind\u00e9e 80 \u20ac<\/p>\n<p>[\/vc_column_text][\/vc_column_inner][vc_column_inner width=\u00a0\u00bb1\/5&Prime; css=\u00a0\u00bb.vc_custom_1559083325707{padding-top: 10px !important;padding-right: 10px !important;padding-bottom: 10px !important;padding-left: 10px !important;background-image: url(https:\/\/dore-securite.com\/wp-content\/uploads\/2018\/01\/phone-bg.jpg?id=1816) !important;}\u00a0\u00bb][vc_column_text css=\u00a0\u00bb\u00a0\u00bb]<\/p>\n<p style=\"color: white;\">Ouverture de porte ferm\u00e9e \u00e0 clef simple 150 \u20ac HT<\/p>\n<p style=\"color: white;\">Ouverture de porte ferm\u00e9e \u00e0 cl\u00e9 blind\u00e9e\u00a0 180 \u20ac HT<\/p>\n<p>[\/vc_column_text][\/vc_column_inner][vc_column_inner width=\u00a0\u00bb1\/5&Prime; css=\u00a0\u00bb.vc_custom_1559082963725{background-image: url(https:\/\/dore-securite.com\/wp-content\/uploads\/2018\/02\/parcking.jpg?id=1869) !important;}\u00a0\u00bb][vc_column_text css=\u00a0\u00bb\u00a0\u00bb]<\/p>\n<p style=\"color: white;\">Ouverture de porte cl\u00e9 cass\u00e9e\u00a0 80 \u20ac HT<\/p>\n<p style=\"color: white;\">D\u00e9pose et changement d\u2019un cylindre\u00a0 36 \u20ac HT<\/p>\n<p>[\/vc_column_text][\/vc_column_inner][vc_column_inner width=\u00a0\u00bb1\/5&Prime; css=\u00a0\u00bb.vc_custom_1559083347105{padding-top: 10px !important;padding-right: 10px !important;padding-bottom: 10px !important;padding-left: 10px !important;background-image: url(https:\/\/dore-securite.com\/wp-content\/uploads\/2018\/01\/phone-bg.jpg?id=1816) !important;}\u00a0\u00bb][vc_column_text css=\u00a0\u00bb\u00a0\u00bb]<\/p>\n<p style=\"color: white;\">Main d\u2019\u0153uvre \u00a069 \u20ac HT de l\u2019heure<\/p>\n<p style=\"color: white;\">Majoration de nuit +10 %<\/p>\n<p>[\/vc_column_text][\/vc_column_inner][vc_column_inner width=\u00a0\u00bb1\/5&Prime; css=\u00a0\u00bb.vc_custom_1559083265264{padding: 10px !important;background-image: url(https:\/\/dore-securite.com\/wp-content\/uploads\/2018\/02\/parcking.jpg?id=1869) !important;}\u00a0\u00bb][vc_column_text css=\u00a0\u00bb\u00a0\u00bb]<\/p>\n<p style=\"color: white;\">Majorations jours f\u00e9ri\u00e9s et dimanche + 20 %<\/p>\n<p style=\"color: white;\">Frais de d\u00e9placement\u00a0: 0.30 \u20ac\u00a0le km<\/p>\n<p>[\/vc_column_text][\/vc_column_inner][vc_column_inner][vc_empty_space][\/vc_column_inner][\/vc_row_inner][vc_row_inner equal_height=\u00a0\u00bbyes\u00a0\u00bb][vc_column_inner width=\u00a0\u00bb1\/3&Prime;][vc_gallery type=\u00a0\u00bbimage_grid\u00a0\u00bb images=\u00a0\u00bb2270,2268,2269&Prime; title=\u00a0\u00bbIntervention chez une cliente\u00a0\u00bb][\/vc_column_inner][vc_column_inner width=\u00a0\u00bb1\/3&Prime; css=\u00a0\u00bb.vc_custom_1559082319938{padding-left: 20px !important;}\u00a0\u00bb][vc_empty_space][vc_column_text]<!-- \/wp:paragraph --><\/p>\n<p>porte bloqu\u00e9e ouverture verrou A2P 2** cl\u00e9 radiale en 10 minutes.<\/p>\n<p>Faites-nous confiance<\/p>\n<p>Dore S\u00e9curit\u00e9 35 ans d&rsquo;exp\u00e9rience dans le domaine alarme vid\u00e9o d\u00e9pannage serrurerie Coffre fort code perdu ou porte bloqu\u00e9e<\/p>\n<p class=\"has-medium-font-size\"><strong>serrurerie\u00a0d\u00e9pannage\u00a024 H\/ 24 H\u00a0<\/strong><\/p>\n<p><!-- \/wp:paragraph --><!-- wp:paragraph --><strong>TEL\u00a0: 06.80.04.04.56\u00a0ou\u00a004.73.82.05.40 \u00a0<\/strong>[\/vc_column_text][\/vc_column_inner][vc_column_inner width=\u00a0\u00bb1\/3&Prime; css=\u00a0\u00bb.vc_custom_1590140808996{padding-top: 20px !important;padding-right: 20px !important;padding-bottom: 20px !important;padding-left: 20px !important;background-image: url(https:\/\/dore-securite.com\/wp-content\/uploads\/2018\/02\/parcking.jpg?id=1869) !important;}\u00a0\u00bb][vc_column_text]<span style=\"color: #999999;\">Ouverture de coffre fort cl\u00e9 perdue<\/span><\/p>\n<p><span style=\"color: #999999;\">code perdu, porte bloqu\u00e9e \u00a0150 \u20ac HT<\/span><\/p>\n<p><span style=\"color: #999999;\">possibilit\u00e9 sans d\u00e9t\u00e9rioration\u00a0 du coffre +100 \u20ac HT<\/span><\/p>\n<p><span style=\"color: #999999;\">Un devis sera fait avant chaque intervention TVA 10 %<\/span>[\/vc_column_text][\/vc_column_inner][\/vc_row_inner][vc_empty_space][vc_column_text]<\/p>\n<p style=\"font-weight: 400;\">Vente\u00a0et pose : De\u00a0serrure\u00a0\/\u00a0Organigramme\u00a0\/\u00a0Cylindre\u00a0profil\u00a0Europ\u00e9en<\/p>\n<p>[\/vc_column_text][vc_empty_space][\/vc_column][\/vc_row][vc_row][vc_column][vc_images_carousel images=\u00a0\u00bb2067,2068,2069,2070&Prime; img_size=\u00a0\u00bblarge\u00a0\u00bb slides_per_view=\u00a0\u00bb4&Prime;][vc_column_text]<\/p>\n<h3>Cl\u00e9\u00a0magn\u00e9tique\u00a0:\u00a0Anti-vandalisme\u00a0et sans orifice<\/h3>\n<p>[\/vc_column_text][vc_column_text]<\/p>\n<p style=\"font-weight: 400;\">Cylindre\u00a0profil\u00a0europ\u00e9en\u00a0Atlas<\/p>\n<p>[\/vc_column_text][vc_row_inner gap=\u00a0\u00bb10&Prime;][vc_column_inner width=\u00a0\u00bb1\/2&Prime;][vc_column_text]<\/p>\n<p style=\"font-weight: 400;\">CARACTERISTIQUES<b><strong>:<\/strong><\/b><\/p>\n<ul style=\"font-weight: 400;\">\n<li><span data-scayt_word=\"Cylindre\" data-scaytid=\"162\">Cylindre<\/span>\u00a0<span data-scayt_word=\"finition\" data-scaytid=\"165\">finition<\/span>\u00a0chrome\u00a0<span data-scayt_word=\"velours\" data-scaytid=\"166\">velours<\/span><\/li>\n<li>Protection\u00a0<span data-scayt_word=\"anti-per\u00e7age\" data-scaytid=\"167\">anti-per\u00e7age<\/span>\u00a0par\u00a0<span data-scayt_word=\"goupilles\" data-scaytid=\"168\">goupilles<\/span>\u00a0en\u00a0<span data-scayt_word=\"acier\" data-scaytid=\"169\">acier<\/span>\u00a0<span data-scayt_word=\"trait\u00e9\" data-scaytid=\"170\">trait\u00e9<\/span><\/li>\n<li>Protection anti-extraction<\/li>\n<li><span data-scayt_word=\"Paneton\" data-scaytid=\"176\">Paneton<\/span>\u00a0standard\u00a0<span data-scayt_word=\"avec\" data-scaytid=\"178\">avec<\/span>\u00a0<span data-scayt_word=\"syst\u00e8me\" data-scaytid=\"179\">syst\u00e8me<\/span>\u00a0de\u00a0<span data-scayt_word=\"blocage\" data-scaytid=\"180\">blocage<\/span>\u00a0au\u00a0<span data-scayt_word=\"vidage\" data-scaytid=\"181\">vidage<\/span><\/li>\n<li><span data-scayt_word=\"Paneton\" data-scaytid=\"177\">Paneton<\/span>\u00a0<span data-scayt_word=\"indexable\" data-scaytid=\"182\">indexable<\/span>\u00a0<span data-scayt_word=\"sur\" data-scaytid=\"174\">sur<\/span>\u00a0\u00bd\u00a0<span data-scayt_word=\"cylindre\" data-scaytid=\"175\">cylindre<\/span>\u00a0<span data-scayt_word=\"uniquement\" data-scaytid=\"185\">uniquement<\/span><\/li>\n<li><span data-scayt_word=\"Cylindres\" data-scaytid=\"186\">Cylindres<\/span>\u00a0et\u00a0<span data-scayt_word=\"cl\u00e9s\" data-scaytid=\"187\">cl\u00e9s<\/span>\u00a0<span data-scayt_word=\"num\u00e9rot\u00e9s\" data-scaytid=\"188\">num\u00e9rot\u00e9s<\/span><\/li>\n<li>Carte de\u00a0<span data-scayt_word=\"propri\u00e9t\u00e9\" data-scaytid=\"190\">propri\u00e9t\u00e9<\/span>\u00a0<span data-scayt_word=\"autorisant\" data-scaytid=\"191\">autorisant<\/span>\u00a0la duplication des\u00a0<span data-scayt_word=\"produits\" data-scaytid=\"192\">produits<\/span><\/li>\n<li><span data-scayt_word=\"Caract\u00e9ristiques\" data-scaytid=\"193\">Caract\u00e9ristiques<\/span>\u00a0<span data-scayt_word=\"dimensionnelles\" data-scaytid=\"194\">dimensionnelles<\/span>\u00a0:\u00a0<span data-scayt_word=\"voir\" data-scaytid=\"195\">voir<\/span>\u00a0fiche technique<\/li>\n<li><span data-scayt_word=\"Livr\u00e9\" data-scaytid=\"196\">Livr\u00e9<\/span>\u00a0<span data-scayt_word=\"avec\" data-scaytid=\"189\">avec<\/span>\u00a0<span data-scayt_word=\"vis\" data-scaytid=\"198\">vis<\/span>\u00a0de fixation<\/li>\n<\/ul>\n<p>[\/vc_column_text][\/vc_column_inner][vc_column_inner width=\u00a0\u00bb1\/2&Prime;][vc_single_image image=\u00a0\u00bb2075&Prime; img_size=\u00a0\u00bblarge\u00a0\u00bb][\/vc_column_inner][\/vc_row_inner][\/vc_column][\/vc_row][vc_row][vc_column][vc_column_text css=\u00a0\u00bb\u00a0\u00bb][\/vc_column_text][\/vc_column][\/vc_row][vc_row][vc_column][vc_column_text]<\/p>\n<h3><strong><span data-scayt_word=\"Barillets\" data-scaytid=\"199\">Barillets<\/span>\u00a0pour machines\u00a0<span data-scayt_word=\"NECTA\" data-scaytid=\"200\">NECTA<\/span>,\u00a0<span data-scayt_word=\"VENDO\" data-scaytid=\"201\">VENDO<\/span>,\u00a0<span data-scayt_word=\"BIANCHI\" data-scaytid=\"202\">BIANCHI<\/span>, RHEA,\u00a0<span data-scayt_word=\"SIELAFF\" data-scaytid=\"203\">SIELAFF<\/span>, \u2026<\/strong><\/h3>\n<p>[\/vc_column_text][vc_row_inner gap=\u00a0\u00bb10&Prime;][vc_column_inner width=\u00a0\u00bb1\/2&Prime;][vc_column_text]<strong>Barillet \u00e0 insertion\u00a0<span data-scayt_word=\"magn\u00e9tique\" data-scaytid=\"204\">magn\u00e9tique<\/span>\u00a0:\u00a0<span data-scayt_word=\"une\" data-scaytid=\"205\">une<\/span>\u00a0solution unique\u00a0<span data-scayt_word=\"sur\" data-scaytid=\"206\">sur<\/span>\u00a0le march\u00e9 du vending\u00a0<\/strong>CISM a d\u00e9velopp\u00e9 un barillet \u00e0 insertion adapt\u00e9 aux poign\u00e9es en T des distributeurs automatiques. Gr\u00e2ce \u00e0 son absence d\u2019orifice, ce barillet \u00e0 insertion r\u00e9pond parfaitement aux probl\u00e9matiques de vandalisme et de crochetage. Il ne n\u00e9cessite aucune source d\u2019\u00e9nergie et peut facilement s\u2019installer en lieu et place du\u00a0<span data-scayt_word=\"cylindre\" data-scaytid=\"207\">cylindre<\/span>\u00a0existant en quelques minutes.<\/p>\n<p>Associ\u00e9 \u00e0\u00a0<span data-scayt_word=\"une\" data-scaytid=\"212\">une<\/span>\u00a0<span data-scayt_word=\"cl\u00e9\" data-scaytid=\"215\">cl\u00e9<\/span>\u00a0unique \u00e0 codage\u00a0<span data-scayt_word=\"magn\u00e9tique\" data-scaytid=\"216\">magn\u00e9tique<\/span>\u00a0garantie non copiable, ce barillet \u00e0 insertion assure\u00a0<span data-scayt_word=\"une\" data-scaytid=\"213\">une<\/span>\u00a0<span data-scayt_word=\"s\u00e9curit\u00e9\" data-scaytid=\"218\">s\u00e9curit\u00e9<\/span>\u00a0\u00e9lev\u00e9e et permet\u00a0<span data-scayt_word=\"une\" data-scaytid=\"214\">une\u00a0<\/span>gestion par secteurs de votre parc machines.[\/vc_column_text][\/vc_column_inner][vc_column_inner width=\u00a0\u00bb1\/2&Prime;][vc_single_image image=\u00a0\u00bb2081&Prime; img_size=\u00a0\u00bbmedium\u00a0\u00bb][vc_single_image image=\u00a0\u00bb2082&Prime; img_size=\u00a0\u00bbmedium\u00a0\u00bb][\/vc_column_inner][\/vc_row_inner][\/vc_column][\/vc_row]<\/p>\n<\/div>","protected":false},"excerpt":{"rendered":"<p>[vc_row][vc_column][vc_row_inner][vc_column_inner width=\u00a0\u00bb1\/2&Prime;][vc_single_image image=\u00a0\u00bb15&Prime; img_size=\u00a0\u00bbfull\u00a0\u00bb][\/vc_column_inner][vc_column_inner width=\u00a0\u00bb1\/2&Prime; css=\u00a0\u00bb.vc_custom_1559082319938{padding-left: 20px !important;}\u00a0\u00bb][vc_column_text] serrurerie\u00a0d\u00e9pannage\u00a024 H\/ 24 H\u00a0 TEL\u00a0: 06.80.04.04.56\u00a0ou\u00a004.73.82.05.40 \u00a0 Nous\u00a0sommes\u00a0capables\u00a0de\u00a0vous\u00a0apporter\u00a0des solutions\u00a0intelligentes.\u00a0Lorsqu\u2019il\u00a0s\u2019agit\u00a0d\u2019un\u00a0d\u00e9blocage\u00a0de\u00a0porte,comme\u00a0une\u00a0ouverture\u00a0fine de\u00a0porte,\u00a0vous\u00a0pouvez\u00a0absolument\u00a0compter\u00a0sur\u00a0notre\u00a0exp\u00e9rience\u00a0et\u00a0professionnalisme pour\u00a0l\u2019ouverture\u00a0de\u00a0porte.[\/vc_column_text][\/vc_column_inner][\/vc_row_inner][vc_empty_space][vc_row_inner equal_height=\u00a0\u00bbyes\u00a0\u00bb gap=\u00a0\u00bb2&Prime;][vc_column_inner width=\u00a0\u00bb1\/5&Prime; css=\u00a0\u00bb.vc_custom_1559083086143{padding: 10px !important;background-image: url(https:\/\/dore-securite.com\/wp-content\/uploads\/2018\/02\/parcking.jpg?id=1869) !important;}\u00a0\u00bb][vc_column_text css=\u00a0\u00bb\u00a0\u00bb] Ouverture de porte claqu\u00e9e simple 60 \u20ac HT Ouverture de porte claqu\u00e9e blind\u00e9e 80 \u20ac [\/vc_column_text][\/vc_column_inner][vc_column_inner width=\u00a0\u00bb1\/5&Prime; css=\u00a0\u00bb.vc_custom_1559083325707{padding-top: 10px !important;padding-right: 10px !important;padding-bottom: 10px !important;padding-left: 10px !important;background-image: url(https:\/\/dore-securite.com\/wp-content\/uploads\/2018\/01\/phone-bg.jpg?id=1816) [&hellip;]<\/p>\n","protected":false},"author":1,"featured_media":15,"parent":0,"menu_order":0,"comment_status":"closed","ping_status":"closed","template":"","meta":{"footnotes":""},"class_list":["post-14","page","type-page","status-publish","has-post-thumbnail","hentry"],"_links":{"self":[{"href":"https:\/\/dore-securite.com\/index.php?rest_route=\/wp\/v2\/pages\/14","targetHints":{"allow":["GET"]}}],"collection":[{"href":"https:\/\/dore-securite.com\/index.php?rest_route=\/wp\/v2\/pages"}],"about":[{"href":"https:\/\/dore-securite.com\/index.php?rest_route=\/wp\/v2\/types\/page"}],"author":[{"embeddable":true,"href":"https:\/\/dore-securite.com\/index.php?rest_route=\/wp\/v2\/users\/1"}],"replies":[{"embeddable":true,"href":"https:\/\/dore-securite.com\/index.php?rest_route=%2Fwp%2Fv2%2Fcomments&post=14"}],"version-history":[{"count":44,"href":"https:\/\/dore-securite.com\/index.php?rest_route=\/wp\/v2\/pages\/14\/revisions"}],"predecessor-version":[{"id":2454,"href":"https:\/\/dore-securite.com\/index.php?rest_route=\/wp\/v2\/pages\/14\/revisions\/2454"}],"wp:featuredmedia":[{"embeddable":true,"href":"https:\/\/dore-securite.com\/index.php?rest_route=\/wp\/v2\/media\/15"}],"wp:attachment":[{"href":"https:\/\/dore-securite.com\/index.php?rest_route=%2Fwp%2Fv2%2Fmedia&parent=14"}],"curies":[{"name":"wp","href":"https:\/\/api.w.org\/{rel}","templated":true}]}}