{"id":1723,"date":"2018-01-29T22:10:50","date_gmt":"2018-01-29T22:10:50","guid":{"rendered":"http:\/\/themes.webdevia.com\/locksmith-auto-home-security-systems-wordpress-theme\/?page_id=1723"},"modified":"2025-11-02T15:44:06","modified_gmt":"2025-11-02T14:44:06","slug":"home-two","status":"publish","type":"page","link":"https:\/\/dore-securite.com\/","title":{"rendered":"Home Two"},"content":{"rendered":"<div class=\"wpb-content-wrapper\"><p>[vc_row full_width=\u00a0\u00bbstretch_row_content\u00a0\u00bb full_height=\u00a0\u00bbyes\u00a0\u00bb equal_height=\u00a0\u00bbyes\u00a0\u00bb equalizer=\u00a0\u00bbyes\u00a0\u00bb font_color=\u00a0\u00bb#ffffff\u00a0\u00bb][vc_column width=\u00a0\u00bb1\/3&Prime; css=\u00a0\u00bb.vc_custom_1590137877917{padding-top: 50px !important;padding-right: 50px !important;padding-bottom: 10px !important;padding-left: 50px !important;background-image: url(https:\/\/dore-securite.com\/wp-content\/uploads\/2019\/04\/alarmes-daitem-alarme-intrusion-habitations-commerces-bureaux-3-77.jpg-190.jpg?id=1995) !important;}\u00a0\u00bb el_class=\u00a0\u00bbdiv_overlay\u00a0\u00bb][vc_column_text css=\u00a0\u00bb.vc_custom_1762093337099{padding-top: 10px !important;padding-right: 10px !important;padding-bottom: 10px !important;padding-left: 10px !important;background-color: #FFFFFFA1 !important;}\u00a0\u00bb]<\/p>\n<div class=\"wd-more-project\">Les syst\u00e8mes d&rsquo;alarme de s\u00e9curit\u00e9 jouent un r\u00f4le crucial dans la protection des biens et des personnes. Ils d\u00e9tectent les intrusions et \u00e9mettent des alertes, permettant une intervention rapide. Il est essentiel de choisir un syst\u00e8me adapt\u00e9 \u00e0 ses besoins pour garantir une s\u00e9curit\u00e9 optimale et pr\u00e9venir les risques potentiels.<\/div>\n<div>\n<h3 style=\"color: #999;\">Alarmes<\/h3>\n<\/div>\n<div class=\"wd-more-project\"><a class=\"button small radius\" href=\"https:\/\/dore-securite.com\/?page_id=26\">Lire la suite<\/a><\/div>\n<p>[\/vc_column_text][\/vc_column][vc_column width=\u00a0\u00bb1\/3&Prime; css=\u00a0\u00bb.vc_custom_1762093662084{padding-top: 50px !important;padding-right: 50px !important;padding-bottom: 50px !important;padding-left: 50px !important;background-image: url(https:\/\/dore-securite.com\/wp-content\/uploads\/2019\/04\/alarmes-1.jpg?id=1997) !important;background-position: center !important;background-repeat: no-repeat !important;background-size: cover !important;}\u00a0\u00bb el_class=\u00a0\u00bbdiv_overlay\u00a0\u00bb][vc_column_text css=\u00a0\u00bb.vc_custom_1762093500059{padding-top: 10px !important;padding-right: 10px !important;padding-bottom: 10px !important;padding-left: 10px !important;background-color: #FFFFFF9E !important;}\u00a0\u00bb]<\/p>\n<div class=\"wd-more-project\">La vid\u00e9o surveillance est un outil essentiel pour garantir la s\u00e9curit\u00e9 des espaces publics et priv\u00e9s. Elle permet de dissuader les comportements criminels, d&rsquo;identifier les personnes impliqu\u00e9es dans des actes malveillants et de recueillir des preuves. Son utilisation doit cependant respecter les r\u00e9glementations sur la vie priv\u00e9e.<\/div>\n<div>\n<h3 style=\"color: #999;\">Vid\u00e9o surveillance<\/h3>\n<\/div>\n<div class=\"wd-more-project\"><a class=\"button small radius\" href=\"https:\/\/dore-securite.com\/?page_id=27\">Lire la suite<\/a><\/div>\n<p>[\/vc_column_text][\/vc_column][vc_column css_animation=\u00a0\u00bbzoomInUp\u00a0\u00bb width=\u00a0\u00bb1\/3&Prime; css=\u00a0\u00bb.vc_custom_1590138037306{padding-top: 50px !important;padding-right: 50px !important;padding-bottom: 10px !important;padding-left: 50px !important;background-image: url(https:\/\/dore-securite.com\/wp-content\/uploads\/2016\/05\/emergency.jpg?id=1705) !important;background-position: center !important;background-repeat: no-repeat !important;background-size: cover !important;}\u00a0\u00bb el_class=\u00a0\u00bbdiv_overlay\u00a0\u00bb][vc_column_text css=\u00a0\u00bb.vc_custom_1762093598893{padding-top: 10px !important;padding-right: 10px !important;padding-bottom: 10px !important;padding-left: 10px !important;background-color: #FFFFFFA1 !important;}\u00a0\u00bb]<\/p>\n<div class=\"wd-more-project\">Dans le domaine du d\u00e9pannage de serrurerie, il est essentiel d&rsquo;agir rapidement et avec professionnalisme. Que ce soit pour une serrure endommag\u00e9e, une cl\u00e9 perdue ou un porte bloqu\u00e9e, faire appel \u00e0 un serrurier qualifi\u00e9 garantit une intervention efficace, minimisant ainsi les d\u00e9sagr\u00e9ments et assurant la s\u00e9curit\u00e9 de votre domicile.<\/div>\n<div>\n<h3 style=\"color: #999;\">D\u00e9pannage serrurerie<\/h3>\n<\/div>\n<div class=\"wd-more-project\"><a class=\"button small radius\" href=\"https:\/\/dore-securite.com\/?page_id=14\">Lire la suite<\/a><\/div>\n<p>[\/vc_column_text][\/vc_column][\/vc_row][vc_row full_width=\u00a0\u00bbstretch_row\u00a0\u00bb el_class=\u00a0\u00bbhide-overflow\u00a0\u00bb css=\u00a0\u00bb.vc_custom_1517330571214{background-color: #f3f2f2 !important;}\u00a0\u00bb][vc_column width=\u00a0\u00bb1\/2&Prime; css=\u00a0\u00bb.vc_custom_1613568308920{margin-top: 0px !important;}\u00a0\u00bb][vc_row_inner][vc_column_inner width=\u00a0\u00bb1\/2&Prime;][vc_column_text css=\u00a0\u00bb\u00a0\u00bb]\u00e0 partir de 45 \u20ac par mois<br \/>\navec t\u00e9l\u00e9surveillance[\/vc_column_text][\/vc_column_inner][vc_column_inner width=\u00a0\u00bb1\/2&Prime; css=\u00a0\u00bb.vc_custom_1590138371269{background-image: url(https:\/\/dore-securite.com\/wp-content\/uploads\/2019\/04\/images.jpg?id=2001) !important;background-position: center !important;background-repeat: no-repeat !important;background-size: cover !important;}\u00a0\u00bb][vc_column_text css=\u00a0\u00bb\u00a0\u00bb][\/vc_column_text][\/vc_column_inner][\/vc_row_inner][vc_row_inner][vc_column_inner width=\u00a0\u00bb1\/2&Prime; css=\u00a0\u00bb.vc_custom_1590138384359{background-image: url(https:\/\/dore-securite.com\/wp-content\/uploads\/2019\/04\/13b37c686058486e835446779cbf0f79.jpg?id=1999) !important;background-position: center !important;background-repeat: no-repeat !important;background-size: cover !important;}\u00a0\u00bb][vc_column_text css=\u00a0\u00bb\u00a0\u00bb][\/vc_column_text][\/vc_column_inner][vc_column_inner width=\u00a0\u00bb1\/2&Prime;][vc_raw_html]JTNDZGl2JTIwY2xhc3MlM0QlMjJwYXJhZ3JhcGglMjIlM0UlMEElMjAlMjAlM0NwJTNFJTBBJTIwJTIwJTIwJTIwTG9jYXRpb24lMjBtZW5zdWVsbGUlMjA0NSUyMCVFMiU4MiVBQyUyMEhULiUzQyUyRnAlM0UlM0NwJTNFYWxhcm1lJTIwYXZlYyUyMHQlQzMlQTlsJUMzJUE5c3VydmVpbGxhbmNlJTJDJTIwbGVzJTIwYXZhbnRhZ2VzJTNBJTIwQSUyMGxhJTIwZmluJTIwZGUlMjBsYSUyMGxvY2F0aW9uJTIwcmFjaGF0JTIwMSUyNSUyQyUyMCVDMyVBMCUyMGxhJTIwZGlmZiVDMyVBOXJlbmNlJTIwZGUlMjBsYSUyMGNvbmN1cnJlbmNlJTIwbyVDMyVCOSUyMHZvdXMlMjBjb250aW51ZXolMjBkZSUyMHBheWVyJTJDJTIwbm91cyUyMGNvbnN1bHRlciUzQyUyRnAlM0UlMEElMEElM0MlMkZkaXYlM0U=[\/vc_raw_html][\/vc_column_inner][\/vc_row_inner][\/vc_column][vc_column width=\u00a0\u00bb1\/2&Prime; css=\u00a0\u00bb.vc_custom_1517330643017{margin-top: -60px !important;padding-right: 15px !important;padding-left: 15px !important;}\u00a0\u00bb][vc_row_inner][vc_column_inner css=\u00a0\u00bb.vc_custom_1517331097946{padding-right: 60px !important;padding-left: 60px !important;}\u00a0\u00bb][vc_column_text css=\u00a0\u00bb\u00a0\u00bb]&nbsp;<\/p>\n<p>Lev\u00e9e de doute vid\u00e9o 24H\/24, \/n sur votre PC ou t\u00e9l\u00e9phone portable .[\/vc_column_text][\/vc_column_inner][\/vc_row_inner][vc_single_image image=\u00a0\u00bb1759&Prime; img_size=\u00a0\u00bbmedium\u00a0\u00bb alignment=\u00a0\u00bbcenter\u00a0\u00bb style=\u00a0\u00bbvc_box_circle_2&Prime; css=\u00a0\u00bb\u00a0\u00bb][\/vc_column][\/vc_row][vc_row full_width=\u00a0\u00bbstretch_row\u00a0\u00bb css=\u00a0\u00bb.vc_custom_1517401248796{background-image: url(https:\/\/dore-securite.com\/wp-content\/uploads\/2018\/01\/phone-bg.jpg?id=1816) !important;background-position: center !important;background-repeat: no-repeat !important;background-size: cover !important;}\u00a0\u00bb el_class=\u00a0\u00bboverflow\u00a0\u00bb][vc_column width=\u00a0\u00bb7\/12&Prime;][vc_column_text css=\u00a0\u00bb\u00a0\u00bb]<\/p>\n<p style=\"color: #fff;\">La t\u00e9l\u00e9surveillance repr\u00e9sente une solution technologique avanc\u00e9e permettant de garantir la s\u00e9curit\u00e9 des biens et des personnes \u00e0 distance. Elle s\u2019appuie sur des dispositifs de surveillance connect\u00e9s, assurant un monitoring en temps r\u00e9el et favorisant une intervention rapide en cas d&rsquo;anomalie d\u00e9tect\u00e9e.<\/p>\n<p style=\"color: #fff;\">\n<b>Votre sp\u00e9cialiste depuis 1984<\/b>\n<\/p>\n<p>[\/vc_column_text][\/vc_column][vc_column width=\u00a0\u00bb5\/12&Prime;][vc_single_image image=\u00a0\u00bb1992&Prime; img_size=\u00a0\u00bbfull\u00a0\u00bb][\/vc_column][\/vc_row][vc_row css=\u00a0\u00bb.vc_custom_1762094641546{margin-top: 10px !important;background: #242424 url(https:\/\/dore-securite.com\/wp-content\/uploads\/2018\/02\/parcking.jpg?id=1869) !important;background-position: center !important;background-repeat: no-repeat !important;background-size: cover !important;}\u00a0\u00bb el_class=\u00a0\u00bbindexed\u00a0\u00bb][vc_column width=\u00a0\u00bb1\/4&Prime; css=\u00a0\u00bb.vc_custom_1762094329674{margin-top: 15px !important;padding-left: 30px !important;}\u00a0\u00bb][vc_column_text css=\u00a0\u00bb\u00a0\u00bb]<\/p>\n<h3 style=\"color : #fff;\">Dore S\u00e9curit\u00e9<\/h3>\n<p style=\"color : #fff;\">880 chemin d&rsquo;Aubignat<\/p>\n<p style=\"color : #fff;\">63600, Ambert<\/p>\n<p>[\/vc_column_text][\/vc_column][vc_column width=\u00a0\u00bb3\/4&Prime;][vc_column_text css=\u00a0\u00bb.vc_custom_1762094565778{padding-top: 10% !important;padding-right: 50% !important;padding-bottom: 10% !important;padding-left: 50% !important;background-image: url(https:\/\/dore-securite.com\/wp-content\/uploads\/2020\/05\/car-key.jpg?id=2263) !important;background-position: center !important;background-repeat: no-repeat !important;background-size: cover !important;}\u00a0\u00bb][\/vc_column_text][\/vc_column][\/vc_row]<\/p>\n<\/div>","protected":false},"excerpt":{"rendered":"<p>[vc_row full_width=\u00a0\u00bbstretch_row_content\u00a0\u00bb full_height=\u00a0\u00bbyes\u00a0\u00bb equal_height=\u00a0\u00bbyes\u00a0\u00bb equalizer=\u00a0\u00bbyes\u00a0\u00bb font_color=\u00a0\u00bb#ffffff\u00a0\u00bb][vc_column width=\u00a0\u00bb1\/3&Prime; css=\u00a0\u00bb.vc_custom_1590137877917{padding-top: 50px !important;padding-right: 50px !important;padding-bottom: 10px !important;padding-left: 50px !important;background-image: url(https:\/\/dore-securite.com\/wp-content\/uploads\/2019\/04\/alarmes-daitem-alarme-intrusion-habitations-commerces-bureaux-3-77.jpg-190.jpg?id=1995) !important;}\u00a0\u00bb el_class=\u00a0\u00bbdiv_overlay\u00a0\u00bb][vc_column_text css=\u00a0\u00bb.vc_custom_1762093337099{padding-top: 10px !important;padding-right: 10px !important;padding-bottom: 10px !important;padding-left: 10px !important;background-color: #FFFFFFA1 !important;}\u00a0\u00bb] Les syst\u00e8mes d&rsquo;alarme de s\u00e9curit\u00e9 jouent un r\u00f4le crucial dans la protection des biens et des personnes. Ils d\u00e9tectent les intrusions et \u00e9mettent des alertes, [&hellip;]<\/p>\n","protected":false},"author":1,"featured_media":0,"parent":0,"menu_order":0,"comment_status":"closed","ping_status":"closed","template":"","meta":{"footnotes":""},"class_list":["post-1723","page","type-page","status-publish","hentry"],"_links":{"self":[{"href":"https:\/\/dore-securite.com\/index.php?rest_route=\/wp\/v2\/pages\/1723","targetHints":{"allow":["GET"]}}],"collection":[{"href":"https:\/\/dore-securite.com\/index.php?rest_route=\/wp\/v2\/pages"}],"about":[{"href":"https:\/\/dore-securite.com\/index.php?rest_route=\/wp\/v2\/types\/page"}],"author":[{"embeddable":true,"href":"https:\/\/dore-securite.com\/index.php?rest_route=\/wp\/v2\/users\/1"}],"replies":[{"embeddable":true,"href":"https:\/\/dore-securite.com\/index.php?rest_route=%2Fwp%2Fv2%2Fcomments&post=1723"}],"version-history":[{"count":66,"href":"https:\/\/dore-securite.com\/index.php?rest_route=\/wp\/v2\/pages\/1723\/revisions"}],"predecessor-version":[{"id":2546,"href":"https:\/\/dore-securite.com\/index.php?rest_route=\/wp\/v2\/pages\/1723\/revisions\/2546"}],"wp:attachment":[{"href":"https:\/\/dore-securite.com\/index.php?rest_route=%2Fwp%2Fv2%2Fmedia&parent=1723"}],"curies":[{"name":"wp","href":"https:\/\/api.w.org\/{rel}","templated":true}]}}