{"id":26,"date":"2019-04-25T22:08:38","date_gmt":"2019-04-25T20:08:38","guid":{"rendered":"http:\/\/dore-securite.com\/?page_id=26"},"modified":"2025-10-19T15:49:15","modified_gmt":"2025-10-19T13:49:15","slug":"alarmes","status":"publish","type":"page","link":"https:\/\/dore-securite.com\/?page_id=26","title":{"rendered":"Alarmes"},"content":{"rendered":"<div class=\"wpb-content-wrapper\"><p>[vc_row][vc_column][vc_column_text]<\/p>\n<h3>GESTION<\/h3>\n<p>[\/vc_column_text][vc_row_inner][vc_column_inner width=\u00a0\u00bb1\/4&Prime;][vc_single_image image=\u00a0\u00bb2117&Prime; img_size=\u00a0\u00bbmedium\u00a0\u00bb][vc_column_text]<a href=\"http:\/\/www.daitem.fr\/fr\/produits\/pour-mon-entreprise\/proteger\/alarme-e-nova\/centrale-sirene-e-nova-2\">Centrale-sir\u00e8ne e-Nova<\/a>[\/vc_column_text][\/vc_column_inner][vc_column_inner width=\u00a0\u00bb1\/4&Prime;][\/vc_column_inner][vc_column_inner width=\u00a0\u00bb1\/4&Prime;][\/vc_column_inner][vc_column_inner width=\u00a0\u00bb1\/4&Prime;][\/vc_column_inner][\/vc_row_inner][\/vc_column][\/vc_row][vc_row][vc_column][vc_column_text]<\/p>\n<h3>COMMANDE<\/h3>\n<p>[\/vc_column_text][vc_row_inner][vc_column_inner width=\u00a0\u00bb1\/4&Prime;][vc_single_image image=\u00a0\u00bb2124&Prime; img_size=\u00a0\u00bbmedium\u00a0\u00bb][vc_column_text]<a href=\"http:\/\/www.daitem.fr\/fr\/produits\/pour-mon-entreprise\/proteger\/alarme-e-nova\/clavier-vocal-exterieur-lecteur-de-badge-et-detecteur-d-approche-3\">Clavier vocal ext\u00e9rieur lecteur de badge et d\u00e9tecteur d\u2019approche<\/a>[\/vc_column_text][\/vc_column_inner][vc_column_inner width=\u00a0\u00bb1\/4&Prime;][vc_single_image image=\u00a0\u00bb2125&Prime; img_size=\u00a0\u00bbmedium\u00a0\u00bb][vc_column_text]<a href=\"http:\/\/www.daitem.fr\/fr\/produits\/pour-mon-entreprise\/proteger\/alarme-e-nova\/clavier-de-commande-et-d-information-4\">Clavier de commande et d\u2019information<\/a>[\/vc_column_text][\/vc_column_inner][vc_column_inner width=\u00a0\u00bb1\/4&Prime;][vc_single_image image=\u00a0\u00bb2126&Prime; img_size=\u00a0\u00bbmedium\u00a0\u00bb][vc_column_text]<a href=\"http:\/\/www.daitem.fr\/fr\/produits\/pour-mon-entreprise\/proteger\/alarme-e-nova\/clavier-vocal-avec-lecteur-de-badge-et-detecteur-d-approche-2\">Clavier vocal avec lecteur de badge et d\u00e9tecteur d\u2019approche<\/a>[\/vc_column_text][\/vc_column_inner][vc_column_inner width=\u00a0\u00bb1\/4&Prime;][vc_single_image image=\u00a0\u00bb2127&Prime; img_size=\u00a0\u00bbmedium\u00a0\u00bb][vc_column_text]<a href=\"http:\/\/www.daitem.fr\/fr\/produits\/pour-mon-entreprise\/proteger\/alarme-e-nova\/telecommande-2-fonctions-a-retour-d-information-pour-alarme-2\">T\u00e9l\u00e9commande 2 fonctions \u00e0 retour d\u2019information pour alarme<\/a>[\/vc_column_text][\/vc_column_inner][\/vc_row_inner][vc_row_inner][vc_column_inner width=\u00a0\u00bb1\/4&Prime;][vc_single_image image=\u00a0\u00bb2129&Prime; img_size=\u00a0\u00bbmedium\u00a0\u00bb][vc_column_text]<a href=\"http:\/\/www.daitem.fr\/fr\/produits\/pour-mon-entreprise\/proteger\/alarme-e-nova\/badge-mains-libres-2\">Badge mains libres<\/a>[\/vc_column_text][\/vc_column_inner][vc_column_inner width=\u00a0\u00bb1\/4&Prime;][vc_single_image image=\u00a0\u00bb2130&Prime; img_size=\u00a0\u00bbmedium\u00a0\u00bb][vc_column_text]<a href=\"http:\/\/www.daitem.fr\/fr\/produits\/pour-mon-entreprise\/proteger\/alarme-e-nova\/medaillon-d-appel-d-urgence-3\">M\u00e9daillon d&rsquo;appel d&rsquo;urgence<\/a>[\/vc_column_text][\/vc_column_inner][vc_column_inner width=\u00a0\u00bb1\/4&Prime;][\/vc_column_inner][vc_column_inner width=\u00a0\u00bb1\/4&Prime;][\/vc_column_inner][\/vc_row_inner][\/vc_column][\/vc_row][vc_row][vc_column][vc_column_text]<\/p>\n<h3>DISSUASION<\/h3>\n<p>[\/vc_column_text][vc_row_inner][vc_column_inner width=\u00a0\u00bb1\/4&Prime;][vc_single_image image=\u00a0\u00bb2133&Prime; img_size=\u00a0\u00bbmedium\u00a0\u00bb][vc_column_text]<a href=\"http:\/\/www.daitem.fr\/fr\/produits\/pour-mon-entreprise\/proteger\/alarme-e-nova\/sirene-flash-exterieure-2\">Sir\u00e8ne-flash ext\u00e9rieure avec synth\u00e8se vocale<\/a>[\/vc_column_text][\/vc_column_inner][vc_column_inner width=\u00a0\u00bb1\/4&Prime;][vc_single_image image=\u00a0\u00bb2134&Prime; img_size=\u00a0\u00bbmedium\u00a0\u00bb][vc_column_text]<a href=\"http:\/\/www.daitem.fr\/fr\/produits\/pour-mon-entreprise\/proteger\/alarme-e-nova\/sirene-interieure-2\">Sir\u00e8ne int\u00e9rieure avec synth\u00e8se vocale<\/a>[\/vc_column_text][\/vc_column_inner][\/vc_row_inner][\/vc_column][\/vc_row][vc_row][vc_column][vc_column_text]<\/p>\n<h3>D\u00c9TECTION EXT\u00c9RIEURE<\/h3>\n<p>[\/vc_column_text][vc_row_inner][vc_column_inner width=\u00a0\u00bb1\/4&Prime;][vc_single_image image=\u00a0\u00bb2137&Prime; img_size=\u00a0\u00bbmedium\u00a0\u00bb][vc_column_text]<a href=\"http:\/\/www.daitem.fr\/fr\/produits\/pour-mon-entreprise\/proteger\/alarme-e-nova\/detecteur-de-mouvement-exterieur-a-capture-d-images-15-m-3\">D\u00e9tecteur de mouvement ext\u00e9rieur \u00e0 capture d\u2019images 15 m<\/a>[\/vc_column_text][\/vc_column_inner][vc_column_inner width=\u00a0\u00bb1\/4&Prime;][vc_single_image image=\u00a0\u00bb2138&Prime; img_size=\u00a0\u00bbmedium\u00a0\u00bb][vc_column_text]<a href=\"http:\/\/www.daitem.fr\/fr\/produits\/pour-mon-entreprise\/proteger\/alarme-e-nova\/detecteur-de-mouvement-exterieur-5-m-2\">D\u00e9tecteur de mouvement ext\u00e9rieur 5 m<\/a>[\/vc_column_text][\/vc_column_inner][vc_column_inner width=\u00a0\u00bb1\/4&Prime;][vc_single_image image=\u00a0\u00bb2139&Prime; img_size=\u00a0\u00bbmedium\u00a0\u00bb][vc_column_text]<a href=\"http:\/\/www.daitem.fr\/fr\/produits\/pour-mon-entreprise\/proteger\/alarme-e-nova\/detecteur-de-mouvement-exterieur-12-m-4\">D\u00e9tecteur de mouvement ext\u00e9rieur 12 m<\/a>[\/vc_column_text][\/vc_column_inner][vc_column_inner width=\u00a0\u00bb1\/4&Prime;][vc_single_image image=\u00a0\u00bb2140&Prime; img_size=\u00a0\u00bbmedium\u00a0\u00bb][vc_column_text]<a href=\"http:\/\/www.daitem.fr\/fr\/produits\/pour-mon-entreprise\/proteger\/alarme-e-nova\/detecteur-de-mouvement-exterieur-4\">D\u00e9tecteur de mouvement ext\u00e9rieur<\/a>[\/vc_column_text][\/vc_column_inner][\/vc_row_inner][vc_row_inner][vc_column_inner width=\u00a0\u00bb1\/4&Prime;][vc_single_image image=\u00a0\u00bb2142&Prime; img_size=\u00a0\u00bbmedium\u00a0\u00bb][vc_column_text]<a href=\"http:\/\/www.daitem.fr\/fr\/produits\/pour-mon-entreprise\/proteger\/alarme-e-nova\/detecteur-de-mouvement-exterieur-de-facade-4\">D\u00e9tecteur de mouvement ext\u00e9rieur de fa\u00e7ade<\/a>[\/vc_column_text][\/vc_column_inner][vc_column_inner width=\u00a0\u00bb1\/4&Prime;][vc_single_image image=\u00a0\u00bb2143&Prime; img_size=\u00a0\u00bbmedium\u00a0\u00bb][vc_column_text]<a href=\"http:\/\/www.daitem.fr\/fr\/produits\/pour-mon-entreprise\/proteger\/alarme-e-nova\/barrieres-infrarouges-4\">Barri\u00e8res infrarouges<\/a>[\/vc_column_text][\/vc_column_inner][\/vc_row_inner][\/vc_column][\/vc_row][vc_row][vc_column][vc_column_text]<\/p>\n<h3>D\u00c9TECTION INT\u00c9RIEURE<\/h3>\n<p>[\/vc_column_text][vc_row_inner][vc_column_inner width=\u00a0\u00bb1\/4&Prime;][vc_single_image image=\u00a0\u00bb2145&Prime; img_size=\u00a0\u00bbmedium\u00a0\u00bb][vc_column_text]<a href=\"http:\/\/www.daitem.fr\/fr\/produits\/pour-mon-entreprise\/proteger\/alarme-e-nova\/detecteur-de-mouvement-bi-technologie-2\">D\u00e9tecteur de mouvement bi-technologie<\/a>[\/vc_column_text][\/vc_column_inner][vc_column_inner width=\u00a0\u00bb1\/4&Prime;][vc_single_image image=\u00a0\u00bb2146&Prime; img_size=\u00a0\u00bbmedium\u00a0\u00bb][vc_column_text]<a href=\"http:\/\/www.daitem.fr\/fr\/produits\/pour-mon-entreprise\/proteger\/alarme-e-nova\/detecteur-de-mouvement-4\">D\u00e9tecteur de mouvement<\/a>[\/vc_column_text][\/vc_column_inner][vc_column_inner width=\u00a0\u00bb1\/4&Prime;][vc_single_image image=\u00a0\u00bb2147&Prime; img_size=\u00a0\u00bbmedium\u00a0\u00bb][vc_column_text]<a href=\"http:\/\/www.daitem.fr\/fr\/produits\/pour-mon-entreprise\/proteger\/alarme-e-nova\/detecteur-de-mouvement-couloir-4\">D\u00e9tecteur de mouvement couloir<\/a>[\/vc_column_text][\/vc_column_inner][vc_column_inner width=\u00a0\u00bb1\/4&Prime;][vc_single_image image=\u00a0\u00bb2148&Prime; img_size=\u00a0\u00bbmedium\u00a0\u00bb][vc_column_text]<a href=\"http:\/\/www.daitem.fr\/fr\/produits\/pour-mon-entreprise\/proteger\/alarme-e-nova\/detecteur-de-mouvement-rideau-4\">D\u00e9tecteur de mouvement rideau<\/a>[\/vc_column_text][\/vc_column_inner][\/vc_row_inner][vc_row_inner][vc_column_inner width=\u00a0\u00bb1\/4&Prime;][vc_single_image image=\u00a0\u00bb2149&Prime; img_size=\u00a0\u00bbmedium\u00a0\u00bb][vc_column_text]<a href=\"http:\/\/www.daitem.fr\/fr\/produits\/pour-mon-entreprise\/proteger\/alarme-e-nova\/detecteur-de-mouvement-special-animaux-4\">D\u00e9tecteur de mouvement sp\u00e9cial animaux<\/a>[\/vc_column_text][\/vc_column_inner][vc_column_inner width=\u00a0\u00bb1\/4&Prime;][vc_single_image image=\u00a0\u00bb2150&Prime; img_size=\u00a0\u00bbmedium\u00a0\u00bb][vc_column_text]<a href=\"http:\/\/www.daitem.fr\/fr\/produits\/pour-mon-entreprise\/proteger\/alarme-e-nova\/detecteurs-de-mouvement-environnement-difficile-4\">D\u00e9tecteurs de mouvement environnement difficile<\/a>[\/vc_column_text][\/vc_column_inner][\/vc_row_inner][\/vc_column][\/vc_row][vc_row][vc_column][vc_column_text]<\/p>\n<h3>TRANSMISSION<\/h3>\n<p>[\/vc_column_text][vc_row_inner][vc_column_inner width=\u00a0\u00bb1\/4&Prime;][vc_single_image image=\u00a0\u00bb2152&Prime; img_size=\u00a0\u00bbmedium\u00a0\u00bb][vc_column_text]<a href=\"http:\/\/www.daitem.fr\/fr\/produits\/pour-mon-entreprise\/proteger\/alarme-e-nova\/modules-de-transmission-2\">Modules de transmission<\/a>[\/vc_column_text][\/vc_column_inner][\/vc_row_inner][\/vc_column][\/vc_row]<\/p>\n<\/div>","protected":false},"excerpt":{"rendered":"<p>[vc_row][vc_column][vc_column_text] GESTION [\/vc_column_text][vc_row_inner][vc_column_inner width=\u00a0\u00bb1\/4&Prime;][vc_single_image image=\u00a0\u00bb2117&Prime; img_size=\u00a0\u00bbmedium\u00a0\u00bb][vc_column_text]Centrale-sir\u00e8ne e-Nova[\/vc_column_text][\/vc_column_inner][vc_column_inner width=\u00a0\u00bb1\/4&Prime;][\/vc_column_inner][vc_column_inner width=\u00a0\u00bb1\/4&Prime;][\/vc_column_inner][vc_column_inner width=\u00a0\u00bb1\/4&Prime;][\/vc_column_inner][\/vc_row_inner][\/vc_column][\/vc_row][vc_row][vc_column][vc_column_text] COMMANDE [\/vc_column_text][vc_row_inner][vc_column_inner width=\u00a0\u00bb1\/4&Prime;][vc_single_image image=\u00a0\u00bb2124&Prime; img_size=\u00a0\u00bbmedium\u00a0\u00bb][vc_column_text]Clavier vocal ext\u00e9rieur lecteur de badge et d\u00e9tecteur d\u2019approche[\/vc_column_text][\/vc_column_inner][vc_column_inner width=\u00a0\u00bb1\/4&Prime;][vc_single_image image=\u00a0\u00bb2125&Prime; img_size=\u00a0\u00bbmedium\u00a0\u00bb][vc_column_text]Clavier de commande et d\u2019information[\/vc_column_text][\/vc_column_inner][vc_column_inner width=\u00a0\u00bb1\/4&Prime;][vc_single_image image=\u00a0\u00bb2126&Prime; img_size=\u00a0\u00bbmedium\u00a0\u00bb][vc_column_text]Clavier vocal avec lecteur de badge et d\u00e9tecteur d\u2019approche[\/vc_column_text][\/vc_column_inner][vc_column_inner width=\u00a0\u00bb1\/4&Prime;][vc_single_image image=\u00a0\u00bb2127&Prime; img_size=\u00a0\u00bbmedium\u00a0\u00bb][vc_column_text]T\u00e9l\u00e9commande 2 fonctions \u00e0 retour d\u2019information pour alarme[\/vc_column_text][\/vc_column_inner][\/vc_row_inner][vc_row_inner][vc_column_inner width=\u00a0\u00bb1\/4&Prime;][vc_single_image image=\u00a0\u00bb2129&Prime; img_size=\u00a0\u00bbmedium\u00a0\u00bb][vc_column_text]Badge mains [&hellip;]<\/p>\n","protected":false},"author":1,"featured_media":0,"parent":0,"menu_order":0,"comment_status":"closed","ping_status":"closed","template":"","meta":{"footnotes":""},"class_list":["post-26","page","type-page","status-publish","hentry"],"_links":{"self":[{"href":"https:\/\/dore-securite.com\/index.php?rest_route=\/wp\/v2\/pages\/26","targetHints":{"allow":["GET"]}}],"collection":[{"href":"https:\/\/dore-securite.com\/index.php?rest_route=\/wp\/v2\/pages"}],"about":[{"href":"https:\/\/dore-securite.com\/index.php?rest_route=\/wp\/v2\/types\/page"}],"author":[{"embeddable":true,"href":"https:\/\/dore-securite.com\/index.php?rest_route=\/wp\/v2\/users\/1"}],"replies":[{"embeddable":true,"href":"https:\/\/dore-securite.com\/index.php?rest_route=%2Fwp%2Fv2%2Fcomments&post=26"}],"version-history":[{"count":21,"href":"https:\/\/dore-securite.com\/index.php?rest_route=\/wp\/v2\/pages\/26\/revisions"}],"predecessor-version":[{"id":2449,"href":"https:\/\/dore-securite.com\/index.php?rest_route=\/wp\/v2\/pages\/26\/revisions\/2449"}],"wp:attachment":[{"href":"https:\/\/dore-securite.com\/index.php?rest_route=%2Fwp%2Fv2%2Fmedia&parent=26"}],"curies":[{"name":"wp","href":"https:\/\/api.w.org\/{rel}","templated":true}]}}