{"id":27,"date":"2019-04-25T22:09:28","date_gmt":"2019-04-25T20:09:28","guid":{"rendered":"http:\/\/dore-securite.com\/?page_id=27"},"modified":"2025-10-19T15:49:38","modified_gmt":"2025-10-19T13:49:38","slug":"video-surveillance","status":"publish","type":"page","link":"https:\/\/dore-securite.com\/?page_id=27","title":{"rendered":"Vid\u00e9o surveillance"},"content":{"rendered":"<div class=\"wpb-content-wrapper\"><p>[vc_row][vc_column][vc_column_text]La s\u00e9curit\u00e9\u00a0de vos locaux professionnels \u00e0 360\u00b0.<br \/>\nDaitem vous offre des solutions d&rsquo;alarme et de vid\u00e9oprotection sur mesure. A chaque configuration int\u00e9rieure et\/ou ext\u00e9rieure, une r\u00e9ponse personnalis\u00e9e vous est apport\u00e9e. Le niveau de s\u00e9curisation est optimal.[\/vc_column_text][vc_row_inner][vc_column_inner width=\u00a0\u00bb1\/3&Prime;][vc_single_image image=\u00a0\u00bb2155&Prime; img_size=\u00a0\u00bbmedium\u00a0\u00bb][vc_column_text]<a href=\"http:\/\/www.daitem.fr\/fr\/produits\/pour-mon-entreprise\/connecter\/videoprotection\/cameras-interieures-discretes\">Cam\u00e9ras int\u00e9rieures discr\u00e8tes<\/a>[\/vc_column_text][\/vc_column_inner][vc_column_inner width=\u00a0\u00bb1\/3&Prime;][vc_single_image image=\u00a0\u00bb2156&Prime; img_size=\u00a0\u00bbmedium\u00a0\u00bb][vc_column_text]<a href=\"http:\/\/www.daitem.fr\/fr\/produits\/pour-mon-entreprise\/connecter\/videoprotection\/cameras-exterieures\">Cam\u00e9ras ext\u00e9rieures<\/a>[\/vc_column_text][\/vc_column_inner][vc_column_inner width=\u00a0\u00bb1\/3&Prime;][vc_single_image image=\u00a0\u00bb2157&Prime; img_size=\u00a0\u00bbmedium\u00a0\u00bb][vc_column_text]<a href=\"http:\/\/www.daitem.fr\/fr\/produits\/pour-mon-entreprise\/connecter\/videoprotection\/logiciel-et-enregistreurs\">Logiciel et enregistreurs<\/a>[\/vc_column_text][\/vc_column_inner][\/vc_row_inner][\/vc_column][\/vc_row]<\/p>\n<\/div>","protected":false},"excerpt":{"rendered":"<p>[vc_row][vc_column][vc_column_text]La s\u00e9curit\u00e9\u00a0de vos locaux professionnels \u00e0 360\u00b0. Daitem vous offre des solutions d&rsquo;alarme et de vid\u00e9oprotection sur mesure. A chaque configuration int\u00e9rieure et\/ou ext\u00e9rieure, une r\u00e9ponse personnalis\u00e9e vous est apport\u00e9e. Le niveau de s\u00e9curisation est optimal.[\/vc_column_text][vc_row_inner][vc_column_inner width=\u00a0\u00bb1\/3&Prime;][vc_single_image image=\u00a0\u00bb2155&Prime; img_size=\u00a0\u00bbmedium\u00a0\u00bb][vc_column_text]Cam\u00e9ras int\u00e9rieures discr\u00e8tes[\/vc_column_text][\/vc_column_inner][vc_column_inner width=\u00a0\u00bb1\/3&Prime;][vc_single_image image=\u00a0\u00bb2156&Prime; img_size=\u00a0\u00bbmedium\u00a0\u00bb][vc_column_text]Cam\u00e9ras ext\u00e9rieures[\/vc_column_text][\/vc_column_inner][vc_column_inner width=\u00a0\u00bb1\/3&Prime;][vc_single_image image=\u00a0\u00bb2157&Prime; img_size=\u00a0\u00bbmedium\u00a0\u00bb][vc_column_text]Logiciel et enregistreurs[\/vc_column_text][\/vc_column_inner][\/vc_row_inner][\/vc_column][\/vc_row]<\/p>\n","protected":false},"author":1,"featured_media":0,"parent":0,"menu_order":0,"comment_status":"closed","ping_status":"closed","template":"","meta":{"footnotes":""},"class_list":["post-27","page","type-page","status-publish","hentry"],"_links":{"self":[{"href":"https:\/\/dore-securite.com\/index.php?rest_route=\/wp\/v2\/pages\/27","targetHints":{"allow":["GET"]}}],"collection":[{"href":"https:\/\/dore-securite.com\/index.php?rest_route=\/wp\/v2\/pages"}],"about":[{"href":"https:\/\/dore-securite.com\/index.php?rest_route=\/wp\/v2\/types\/page"}],"author":[{"embeddable":true,"href":"https:\/\/dore-securite.com\/index.php?rest_route=\/wp\/v2\/users\/1"}],"replies":[{"embeddable":true,"href":"https:\/\/dore-securite.com\/index.php?rest_route=%2Fwp%2Fv2%2Fcomments&post=27"}],"version-history":[{"count":5,"href":"https:\/\/dore-securite.com\/index.php?rest_route=\/wp\/v2\/pages\/27\/revisions"}],"predecessor-version":[{"id":2450,"href":"https:\/\/dore-securite.com\/index.php?rest_route=\/wp\/v2\/pages\/27\/revisions\/2450"}],"wp:attachment":[{"href":"https:\/\/dore-securite.com\/index.php?rest_route=%2Fwp%2Fv2%2Fmedia&parent=27"}],"curies":[{"name":"wp","href":"https:\/\/api.w.org\/{rel}","templated":true}]}}