{"id":31,"date":"2019-04-25T22:10:15","date_gmt":"2019-04-25T20:10:15","guid":{"rendered":"http:\/\/dore-securite.com\/?page_id=31"},"modified":"2019-06-03T09:50:49","modified_gmt":"2019-06-03T07:50:49","slug":"coffre-fort","status":"publish","type":"page","link":"https:\/\/dore-securite.com\/?page_id=31","title":{"rendered":"Coffre-fort"},"content":{"rendered":"<div class=\"wpb-content-wrapper\"><p>[vc_row css=\u00a0\u00bb.vc_custom_1556909194413{background-color: #ffffff !important;}\u00a0\u00bb][vc_column][vc_column_text]<\/p>\n<h3><strong>Coffre\u00a0fort pour\u00a0armes\u00a0ou tout autre type de besoins.<\/strong><\/h3>\n<p>&nbsp;<\/p>\n<p>Norme\u00a0Europ\u00e9enne\u00a0EN14450:\u00a0Certification\u00a0Norme\u00a0Europ\u00e9enne\u00a0EN 14450\u00a0\u2022Classe\u00a0S1\u00a0\u2022\u00a0Certification\u00a0Norme\u00a0Allemande\u00a0VDMA\u00a024992\u00a0Niveau\u00a0A\u00a0\u2022Certification de la\u00a0serrure\u00a0EN 1300\u00a0\u2022\u00a0Classe\u00a0A\u00a0\u2022\u00a0Label\u00a0A2P\u00a0\u2022\u00a0Protection\u00a0anti-feu\u00a0avec\u00a0porte\u00a0coupe\u00a0flamme.<\/p>\n<p>[\/vc_column_text][\/vc_column][\/vc_row][vc_row][vc_column][wd_empty_spaces height_mobile=\u00a0\u00bb20&Prime; height_tablet=\u00a0\u00bb20&Prime; height_desktop=\u00a0\u00bb20&Prime;][\/vc_column][\/vc_row][vc_row gap=\u00a0\u00bb5&Prime; equal_height=\u00a0\u00bbyes\u00a0\u00bb content_placement=\u00a0\u00bbtop\u00a0\u00bb equalizer=\u00a0\u00bbyes\u00a0\u00bb][vc_column css_animation=\u00a0\u00bbnone\u00a0\u00bb width=\u00a0\u00bb1\/3&Prime; equalizer_column=\u00a0\u00bbyes\u00a0\u00bb css=\u00a0\u00bb.vc_custom_1557000662450{background-position: center !important;background-repeat: no-repeat !important;background-size: cover !important;}\u00a0\u00bb][vc_single_image image=\u00a0\u00bb2010&Prime; img_size=\u00a0\u00bbmedium\u00a0\u00bb][vc_column_text]<\/p>\n<p>Pour 5 armes 680\u20ac<\/p>\n<p>Pour 10 armes 799\u20ac<\/p>\n<p>[\/vc_column_text][\/vc_column][vc_column css_animation=\u00a0\u00bbfadeInLeft\u00a0\u00bb width=\u00a0\u00bb1\/3&Prime;][vc_single_image image=\u00a0\u00bb2011&Prime; img_size=\u00a0\u00bbmedium\u00a0\u00bb][vc_column_text]<\/p>\n<p style=\"text-align: center;\"><span class=\"hikashop_product_name_main\">15\u00a0<span data-scayt_word=\"armes\" data-scaytid=\"24\">armes<\/span>\u00a0<span data-scayt_word=\"WT315\" data-scaytid=\"28\">WT315\u00a0<\/span><\/span>1300\u20ac<\/p>\n<p>[\/vc_column_text][\/vc_column][vc_column width=\u00a0\u00bb1\/3&Prime; equalizer_column=\u00a0\u00bbyes\u00a0\u00bb][vc_single_image image=\u00a0\u00bb2015&Prime; img_size=\u00a0\u00bbmedium\u00a0\u00bb][vc_column_text]<\/p>\n<p style=\"text-align: center;\"><span id=\"hikashop_product_name_main\" class=\"hikashop_product_name_main\">Armoire forte pour\u00a0<span data-scayt_word=\"armes\" data-scaytid=\"25\">armes<\/span>\u00a01559 \u20ac<\/span><\/p>\n<p style=\"text-align: center;\"><span class=\"hikashop_product_name_main\"><span data-scayt_word=\"WT430\" data-scaytid=\"29\">WT430<\/span>\u00a0<span data-scayt_word=\"Modulable\" data-scaytid=\"30\">Modulable<\/span>\u00a0&#8211;<\/span><span class=\"hikashop_product_name_main\">\u00a0de 5\u00a0<span data-scayt_word=\"\u00e0\" data-scaytid=\"41\">\u00e0<\/span>\u00a014\u00a0<span data-scayt_word=\"armes\" data-scaytid=\"31\">armes<\/span><\/span><\/p>\n<p>[\/vc_column_text][\/vc_column][\/vc_row][vc_row][vc_column][wd_empty_spaces height_mobile=\u00a0\u00bb10&Prime; height_tablet=\u00a0\u00bb10&Prime; height_desktop=\u00a0\u00bb10&Prime;][\/vc_column][\/vc_row][vc_row][vc_column][vc_column_text]<\/p>\n<h3>Coffre-fort et armoire forte Hartmann Tresore<\/h3>\n<p>Le fabricant de coffres-forts Hartmann Tresore con\u00e7oit et commercialise une gamme enti\u00e8re de coffres et armoires d\u00e9di\u00e9s \u00e0 la protection de vos documents et de vos biens.<\/p>\n<p>&nbsp;<\/p>\n<p>[\/vc_column_text][\/vc_column][\/vc_row][vc_row][vc_column][wd_empty_spaces height_mobile=\u00a0\u00bb15&Prime; height_tablet=\u00a0\u00bb15&Prime; height_desktop=\u00a0\u00bb15&Prime;][\/vc_column][\/vc_row][vc_row][vc_column][vc_gallery type=\u00a0\u00bbCarousel\u00a0\u00bb images=\u00a0\u00bb2033,2035,2022&Prime; onclick=\u00a0\u00bb\u00a0\u00bb][\/vc_column][\/vc_row][vc_row][vc_column][wd_empty_spaces height_mobile=\u00a0\u00bb15&Prime; height_tablet=\u00a0\u00bb15&Prime; height_desktop=\u00a0\u00bb15&Prime;][\/vc_column][\/vc_row][vc_row gap=\u00a0\u00bb4&Prime; equal_height=\u00a0\u00bbyes\u00a0\u00bb css=\u00a0\u00bb.vc_custom_1556908077953{background-image: url(https:\/\/dore-securite.com\/wp-content\/uploads\/2018\/02\/parcking.jpg?id=1869) !important;}\u00a0\u00bb][vc_column width=\u00a0\u00bb1\/2&Prime;][vc_single_image image=\u00a0\u00bb2040&Prime; img_size=\u00a0\u00bbmedium\u00a0\u00bb][\/vc_column][vc_column width=\u00a0\u00bb1\/2&Prime;][vc_column_text]<\/p>\n<h2><span style=\"color: #cccccc;\">Coffre-fort SentrySafe<\/span><\/h2>\n<p>Les\u00a0coffres-forts\u00a0anti-vol\u00a0de\u00a0SentrySafe\u00a0ont\u00a0un design unique et\u00a0vous\u00a0permettent\u00a0de\u00a0prote\u0301ger\u00a0tous\u00a0vos\u00a0biens\u00a0de\u00a0valeur,\u00a0tels\u00a0que documents de\u00a0banque,\u00a0actes\u00a0notariaux,\u00a0actes\u00a0de\u00a0naissance, argent,\u00a0 bijoux,\u00a0ainsi\u00a0que\u00a0ordinateurs\u00a0portables,\u00a0came\u0301ra\u00a0protection optimale\u00a0de\u00a0vos\u00a0biens.<\/p>\n<p>[\/vc_column_text][\/vc_column][\/vc_row][vc_row][vc_column][wd_empty_spaces height_mobile=\u00a0\u00bb20&Prime; height_tablet=\u00a0\u00bb20&Prime; height_desktop=\u00a0\u00bb20&Prime;][\/vc_column][\/vc_row][vc_row][vc_column][vc_cta h2=\u00a0\u00bbN&rsquo;h\u00e9sitez pas \u00e0 prendre contact avec nous pour plus d&rsquo;information&#8230;\u00a0\u00bb][\/vc_cta][\/vc_column][\/vc_row]<\/p>\n<\/div>","protected":false},"excerpt":{"rendered":"<p>[vc_row css=\u00a0\u00bb.vc_custom_1556909194413{background-color: #ffffff !important;}\u00a0\u00bb][vc_column][vc_column_text] Coffre\u00a0fort pour\u00a0armes\u00a0ou tout autre type de besoins. &nbsp; Norme\u00a0Europ\u00e9enne\u00a0EN14450:\u00a0Certification\u00a0Norme\u00a0Europ\u00e9enne\u00a0EN 14450\u00a0\u2022Classe\u00a0S1\u00a0\u2022\u00a0Certification\u00a0Norme\u00a0Allemande\u00a0VDMA\u00a024992\u00a0Niveau\u00a0A\u00a0\u2022Certification de la\u00a0serrure\u00a0EN 1300\u00a0\u2022\u00a0Classe\u00a0A\u00a0\u2022\u00a0Label\u00a0A2P\u00a0\u2022\u00a0Protection\u00a0anti-feu\u00a0avec\u00a0porte\u00a0coupe\u00a0flamme. [\/vc_column_text][\/vc_column][\/vc_row][vc_row][vc_column][wd_empty_spaces height_mobile=\u00a0\u00bb20&Prime; height_tablet=\u00a0\u00bb20&Prime; height_desktop=\u00a0\u00bb20&Prime;][\/vc_column][\/vc_row][vc_row gap=\u00a0\u00bb5&Prime; equal_height=\u00a0\u00bbyes\u00a0\u00bb content_placement=\u00a0\u00bbtop\u00a0\u00bb equalizer=\u00a0\u00bbyes\u00a0\u00bb][vc_column css_animation=\u00a0\u00bbnone\u00a0\u00bb width=\u00a0\u00bb1\/3&Prime; equalizer_column=\u00a0\u00bbyes\u00a0\u00bb css=\u00a0\u00bb.vc_custom_1557000662450{background-position: center !important;background-repeat: no-repeat !important;background-size: cover !important;}\u00a0\u00bb][vc_single_image image=\u00a0\u00bb2010&Prime; img_size=\u00a0\u00bbmedium\u00a0\u00bb][vc_column_text] Pour 5 armes 680\u20ac Pour 10 armes 799\u20ac [\/vc_column_text][\/vc_column][vc_column css_animation=\u00a0\u00bbfadeInLeft\u00a0\u00bb width=\u00a0\u00bb1\/3&Prime;][vc_single_image image=\u00a0\u00bb2011&Prime; img_size=\u00a0\u00bbmedium\u00a0\u00bb][vc_column_text] 15\u00a0armes\u00a0WT315\u00a01300\u20ac [\/vc_column_text][\/vc_column][vc_column width=\u00a0\u00bb1\/3&Prime; equalizer_column=\u00a0\u00bbyes\u00a0\u00bb][vc_single_image image=\u00a0\u00bb2015&Prime; [&hellip;]<\/p>\n","protected":false},"author":1,"featured_media":2011,"parent":0,"menu_order":0,"comment_status":"closed","ping_status":"closed","template":"","meta":{"footnotes":""},"class_list":["post-31","page","type-page","status-publish","has-post-thumbnail","hentry"],"_links":{"self":[{"href":"https:\/\/dore-securite.com\/index.php?rest_route=\/wp\/v2\/pages\/31","targetHints":{"allow":["GET"]}}],"collection":[{"href":"https:\/\/dore-securite.com\/index.php?rest_route=\/wp\/v2\/pages"}],"about":[{"href":"https:\/\/dore-securite.com\/index.php?rest_route=\/wp\/v2\/types\/page"}],"author":[{"embeddable":true,"href":"https:\/\/dore-securite.com\/index.php?rest_route=\/wp\/v2\/users\/1"}],"replies":[{"embeddable":true,"href":"https:\/\/dore-securite.com\/index.php?rest_route=%2Fwp%2Fv2%2Fcomments&post=31"}],"version-history":[{"count":44,"href":"https:\/\/dore-securite.com\/index.php?rest_route=\/wp\/v2\/pages\/31\/revisions"}],"predecessor-version":[{"id":2060,"href":"https:\/\/dore-securite.com\/index.php?rest_route=\/wp\/v2\/pages\/31\/revisions\/2060"}],"wp:featuredmedia":[{"embeddable":true,"href":"https:\/\/dore-securite.com\/index.php?rest_route=\/wp\/v2\/media\/2011"}],"wp:attachment":[{"href":"https:\/\/dore-securite.com\/index.php?rest_route=%2Fwp%2Fv2%2Fmedia&parent=31"}],"curies":[{"name":"wp","href":"https:\/\/api.w.org\/{rel}","templated":true}]}}