{"id":33,"date":"2019-04-25T22:10:43","date_gmt":"2019-04-25T20:10:43","guid":{"rendered":"http:\/\/dore-securite.com\/?page_id=33"},"modified":"2025-10-19T16:02:04","modified_gmt":"2025-10-19T14:02:04","slug":"services","status":"publish","type":"page","link":"https:\/\/dore-securite.com\/?page_id=33","title":{"rendered":"Services"},"content":{"rendered":"<div class=\"wpb-content-wrapper\"><p>[vc_row full_width=\u00a0\u00bbstretch_row_content\u00a0\u00bb full_height=\u00a0\u00bbyes\u00a0\u00bb font_color=\u00a0\u00bb#ffffff\u00a0\u00bb][vc_column width=\u00a0\u00bb1\/4&Prime; css=\u00a0\u00bb.vc_custom_1559075012475{padding-top: 50px !important;padding-right: 50px !important;padding-bottom: 10px !important;padding-left: 50px !important;background-image: url(https:\/\/dore-securite.com\/wp-content\/uploads\/2018\/01\/home.jpg?id=1729) !important;}\u00a0\u00bb el_class=\u00a0\u00bbdiv_overlay\u00a0\u00bb][vc_column_text css=\u00a0\u00bb\u00a0\u00bb]<\/p>\n<div class=\"wd-more-project\"><\/div>\n<div>\n<h3 style=\"color: white;\">Alarmes<\/h3>\n<\/div>\n<div class=\"wd-more-project\"><a class=\"button small radius\" href=\"https:\/\/dore-securite.com\/?page_id=26\">Lire la suite<\/a><\/div>\n<p>[\/vc_column_text][\/vc_column][vc_column width=\u00a0\u00bb1\/4&Prime; css=\u00a0\u00bb.vc_custom_1559075213210{padding-top: 50px !important;padding-right: 50px !important;padding-bottom: 10px !important;padding-left: 50px !important;background-image: url(https:\/\/dore-securite.com\/wp-content\/uploads\/2016\/05\/emergency.jpg?id=1705) !important;}\u00a0\u00bb el_class=\u00a0\u00bbdiv_overlay\u00a0\u00bb][vc_column_text css=\u00a0\u00bb\u00a0\u00bb]<\/p>\n<div class=\"wd-more-project\"><\/div>\n<div>\n<h3 style=\"color: white;\">D\u00e9pannage serrures<\/h3>\n<\/div>\n<div class=\"wd-more-project\"><a class=\"button small radius\" href=\"https:\/\/dore-securite.com\/?page_id=14\">Lire la suite<\/a><\/div>\n<p>[\/vc_column_text][\/vc_column][vc_column width=\u00a0\u00bb1\/4&Prime; css=\u00a0\u00bb.vc_custom_1559075392232{padding-top: 50px !important;padding-right: 50px !important;padding-bottom: 10px !important;padding-left: 50px !important;background-image: url(https:\/\/dore-securite.com\/wp-content\/uploads\/2019\/05\/images.jpg?id=2104) !important;background-position: center !important;background-repeat: no-repeat !important;background-size: cover !important;}\u00a0\u00bb el_class=\u00a0\u00bbdiv_overlay\u00a0\u00bb][vc_column_text css=\u00a0\u00bb\u00a0\u00bb]<\/p>\n<div><\/div>\n<div>\n<h3 style=\"color: white;\">Coffres-forts<\/h3>\n<\/div>\n<div class=\"wd-more-project\"><a class=\"button small radius\" href=\"https:\/\/dore-securite.com\/?page_id=31\">Lire la suite<\/a><\/div>\n<p>[\/vc_column_text][\/vc_column][vc_column css_animation=\u00a0\u00bbzoomInUp\u00a0\u00bb width=\u00a0\u00bb1\/4&Prime; css=\u00a0\u00bb.vc_custom_1559075643432{padding-top: 50px !important;padding-right: 50px !important;padding-bottom: 10px !important;padding-left: 50px !important;background-image: url(https:\/\/dore-securite.com\/wp-content\/uploads\/2019\/05\/t\u00e9l\u00e9chargement.jpg?id=2107) !important;background-position: center !important;background-repeat: no-repeat !important;background-size: cover !important;}\u00a0\u00bb el_class=\u00a0\u00bbdiv_overlay\u00a0\u00bb][vc_column_text css=\u00a0\u00bb\u00a0\u00bb]<\/p>\n<div class=\"wd-more-project\"><\/div>\n<div>\n<h3 style=\"color: white;\">Vid\u00e9o surveillance<\/h3>\n<\/div>\n<div class=\"wd-more-project\"><a class=\"button small radius\" href=\"https:\/\/dore-securite.com\/?page_id=27\">Lire la suite<\/a><\/div>\n<p>[\/vc_column_text][\/vc_column][\/vc_row][vc_row full_width=\u00a0\u00bbstretch_row\u00a0\u00bb][vc_column][\/vc_column][\/vc_row][vc_row][vc_column][vc_column_text]<\/p>\n<p class=\"componentheading\"><strong>Notre s\u00e9lection d\u2019alarmes\u00a0 permet\u00a0 une souplesse sans faille, elle peut appeler les particuliers,\u00a0 \u00eatre g\u00e9r\u00e9es \u00e0 distance ou\u00a0 appeler des voisins etc..<\/strong><\/p>\n<p>[\/vc_column_text][\/vc_column][\/vc_row][vc_row full_width=\u00a0\u00bbstretch_row\u00a0\u00bb][vc_column][\/vc_column][\/vc_row]<\/p>\n<\/div>","protected":false},"excerpt":{"rendered":"<p>[vc_row full_width=\u00a0\u00bbstretch_row_content\u00a0\u00bb full_height=\u00a0\u00bbyes\u00a0\u00bb font_color=\u00a0\u00bb#ffffff\u00a0\u00bb][vc_column width=\u00a0\u00bb1\/4&Prime; css=\u00a0\u00bb.vc_custom_1559075012475{padding-top: 50px !important;padding-right: 50px !important;padding-bottom: 10px !important;padding-left: 50px !important;background-image: url(https:\/\/dore-securite.com\/wp-content\/uploads\/2018\/01\/home.jpg?id=1729) !important;}\u00a0\u00bb el_class=\u00a0\u00bbdiv_overlay\u00a0\u00bb][vc_column_text css=\u00a0\u00bb\u00a0\u00bb] Alarmes Lire la suite [\/vc_column_text][\/vc_column][vc_column width=\u00a0\u00bb1\/4&Prime; css=\u00a0\u00bb.vc_custom_1559075213210{padding-top: 50px !important;padding-right: 50px !important;padding-bottom: 10px !important;padding-left: 50px !important;background-image: url(https:\/\/dore-securite.com\/wp-content\/uploads\/2016\/05\/emergency.jpg?id=1705) !important;}\u00a0\u00bb el_class=\u00a0\u00bbdiv_overlay\u00a0\u00bb][vc_column_text css=\u00a0\u00bb\u00a0\u00bb] D\u00e9pannage serrures Lire la suite [\/vc_column_text][\/vc_column][vc_column width=\u00a0\u00bb1\/4&Prime; css=\u00a0\u00bb.vc_custom_1559075392232{padding-top: 50px !important;padding-right: 50px !important;padding-bottom: 10px !important;padding-left: 50px !important;background-image: url(https:\/\/dore-securite.com\/wp-content\/uploads\/2019\/05\/images.jpg?id=2104) !important;background-position: [&hellip;]<\/p>\n","protected":false},"author":1,"featured_media":0,"parent":0,"menu_order":0,"comment_status":"closed","ping_status":"closed","template":"","meta":{"footnotes":""},"class_list":["post-33","page","type-page","status-publish","hentry"],"_links":{"self":[{"href":"https:\/\/dore-securite.com\/index.php?rest_route=\/wp\/v2\/pages\/33","targetHints":{"allow":["GET"]}}],"collection":[{"href":"https:\/\/dore-securite.com\/index.php?rest_route=\/wp\/v2\/pages"}],"about":[{"href":"https:\/\/dore-securite.com\/index.php?rest_route=\/wp\/v2\/types\/page"}],"author":[{"embeddable":true,"href":"https:\/\/dore-securite.com\/index.php?rest_route=\/wp\/v2\/users\/1"}],"replies":[{"embeddable":true,"href":"https:\/\/dore-securite.com\/index.php?rest_route=%2Fwp%2Fv2%2Fcomments&post=33"}],"version-history":[{"count":17,"href":"https:\/\/dore-securite.com\/index.php?rest_route=\/wp\/v2\/pages\/33\/revisions"}],"predecessor-version":[{"id":2455,"href":"https:\/\/dore-securite.com\/index.php?rest_route=\/wp\/v2\/pages\/33\/revisions\/2455"}],"wp:attachment":[{"href":"https:\/\/dore-securite.com\/index.php?rest_route=%2Fwp%2Fv2%2Fmedia&parent=33"}],"curies":[{"name":"wp","href":"https:\/\/api.w.org\/{rel}","templated":true}]}}